{"id":103,"date":"2016-04-25T14:57:52","date_gmt":"2016-04-25T12:57:52","guid":{"rendered":"http:\/\/www.glutenfreeexpo.sk\/?page_id=103"},"modified":"2017-10-16T17:56:44","modified_gmt":"2017-10-16T15:56:44","slug":"expo-center-a-s-trencin","status":"publish","type":"page","link":"http:\/\/www.glutenfreeexpo.sk\/en\/expo-center-a-s-trencin\/","title":{"rendered":"EXPO CENTER a. s. Tren\u010d\u00edn"},"content":{"rendered":"<p style=\"text-align: center;\"><div class=\"gdc_row\"><div class=\"gdc_column gdc_cthird\"><div class=\"gdc_inner\">\n<h4 style=\"text-align: center;\">EXPO CENTER a. s.<\/h4>\n<p style=\"text-align: center;\">K v\u00fdstavisku 447\/14<br \/>\n911 40 Tren\u010d\u00edn<\/p>\n<p style=\"text-align: center;\"><a href=\"http:\/\/www.expocenter.sk\" target=\"_blank\" rel=\"noopener\">www.expocenter.sk<\/a><\/p>\n<p style=\"text-align: center;\">Information about transportation<br \/>\n<a href=\"http:\/\/www.expocenter.sk\/HowToReachUs.aspx\" target=\"_blank\" rel=\"noopener\">www.expocenter.sk\/HowToReachUs.aspx<\/a><\/p>\n<p style=\"text-align: center;\">EXPO CENTER a.s. recommends accommodation at:<br \/>\n<a href=\"http:\/\/www.expocenter.sk\/BedAndBreakfast.aspx\" target=\"_blank\" rel=\"noopener\">www.expocenter.sk\/BedAndBreakfast.aspx<\/a><\/p>\n<p style=\"text-align: center;\"><\/div><\/div><div class=\"gdc_column gdc_cthird\"><div class=\"gdc_inner\">\n<div id=\"flxmap-6a04999bb70d7\" class='flxmap-container' data-flxmap='flxmap_6a04999bb70d7' style=\"width:400px;height:350px;\"><\/div>\n<script data-noptimize=\"1\">\n\/* <![CDATA[ *\/\n(function(w, fn) {\n if (w.addEventListener) w.addEventListener(\"DOMContentLoaded\", fn, false);\n else if (w.attachEvent) w.attachEvent(\"onload\", fn);\n})(window, function() {\n var f = new FlexibleMap();\n f.setlocale(\"en-US\");\n f.zoom = 17;\n f.markerTitle = \"GPS: N 48 53.2806 E 18 03.8286\";\n f.markerDescription = \"EXPO CENTER a.s., K v\u00fdstavisku 447\\\/14, 911 40 Tren\u010d\u00edn\";\n f.showMarker(\"flxmap-6a04999bb70d7\", [48.88801, 18.06381], [48.88801,18.06381]);\n window.flxmap_6a04999bb70d7 = f;\n});\n\/* ]]> *\/\n<\/script>\n\n<\/div><\/div><div class=\"gdc_column gdc_cthird\"><div class=\"gdc_inner\">\n<p style=\"text-align: center;\"><a href=\"http:\/\/www.glutenfreeexpo.sk\/wp-content\/uploads\/2016\/05\/Vystavisko_mapa_velka.jpg\"><img loading=\"lazy\" decoding=\"async\" class=\"wp-image-138 size-medium alignright\" src=\"http:\/\/www.glutenfreeexpo.sk\/wp-content\/uploads\/2016\/05\/Vystavisko_mapa-300x212.jpg\" alt=\"V\u00fdstavisko Tren\u010d\u00edn mapa\" width=\"300\" height=\"212\" srcset=\"http:\/\/www.glutenfreeexpo.sk\/wp-content\/uploads\/2016\/05\/Vystavisko_mapa-300x212.jpg 300w, http:\/\/www.glutenfreeexpo.sk\/wp-content\/uploads\/2016\/05\/Vystavisko_mapa-768x543.jpg 768w, http:\/\/www.glutenfreeexpo.sk\/wp-content\/uploads\/2016\/05\/Vystavisko_mapa-1024x724.jpg 1024w, http:\/\/www.glutenfreeexpo.sk\/wp-content\/uploads\/2016\/05\/Vystavisko_mapa.jpg 1280w\" sizes=\"auto, (max-width: 300px) 100vw, 300px\" \/><\/a><\/p>\n<p style=\"text-align: center;\"><\/div><\/div><\/div>","protected":false},"excerpt":{"rendered":"","protected":false},"author":1,"featured_media":0,"parent":0,"menu_order":0,"comment_status":"closed","ping_status":"closed","template":"template-fullwidth.php","meta":{"_monsterinsights_skip_tracking":false,"_monsterinsights_sitenote_active":false,"_monsterinsights_sitenote_note":"","_monsterinsights_sitenote_category":0,"footnotes":""},"class_list":["post-103","page","type-page","status-publish","hentry"],"aioseo_notices":[],"_links":{"self":[{"href":"http:\/\/www.glutenfreeexpo.sk\/en\/wp-json\/wp\/v2\/pages\/103","targetHints":{"allow":["GET"]}}],"collection":[{"href":"http:\/\/www.glutenfreeexpo.sk\/en\/wp-json\/wp\/v2\/pages"}],"about":[{"href":"http:\/\/www.glutenfreeexpo.sk\/en\/wp-json\/wp\/v2\/types\/page"}],"author":[{"embeddable":true,"href":"http:\/\/www.glutenfreeexpo.sk\/en\/wp-json\/wp\/v2\/users\/1"}],"replies":[{"embeddable":true,"href":"http:\/\/www.glutenfreeexpo.sk\/en\/wp-json\/wp\/v2\/comments?post=103"}],"version-history":[{"count":64,"href":"http:\/\/www.glutenfreeexpo.sk\/en\/wp-json\/wp\/v2\/pages\/103\/revisions"}],"predecessor-version":[{"id":1292,"href":"http:\/\/www.glutenfreeexpo.sk\/en\/wp-json\/wp\/v2\/pages\/103\/revisions\/1292"}],"wp:attachment":[{"href":"http:\/\/www.glutenfreeexpo.sk\/en\/wp-json\/wp\/v2\/media?parent=103"}],"curies":[{"name":"wp","href":"https:\/\/api.w.org\/{rel}","templated":true}]}}