{"id":1047,"date":"2017-04-22T17:59:46","date_gmt":"2017-04-22T15:59:46","guid":{"rendered":"http:\/\/www.glutenfreeexpo.sk\/?page_id=1047"},"modified":"2017-10-30T18:55:48","modified_gmt":"2017-10-30T17:55:48","slug":"program-2017","status":"publish","type":"page","link":"http:\/\/www.glutenfreeexpo.sk\/en\/program-2017\/","title":{"rendered":"Schedule 2017"},"content":{"rendered":"<p style=\"text-align: center;\"><strong>Doprovodn\u00fd program na Gluten Free Expo 2017 Tren\u010d\u00edn<br \/>\n<\/strong><br \/>\n<strong>28. 4. 2017 od 10 &#8211; 18 hod v Pavil\u00f3ne P3<\/strong><\/p>\n<p>10.00\u00a0 &#8211;\u00a0 11.00 OTVORENIE V\u00ddSTAVY<br \/>\n11.00 &#8211; 12.00 <strong>MUDr. Marta Dob\u00e1kov\u00e1<\/strong> &#8211; Celiakia, PCOS, \u010fal\u0161ie diagn\u00f3zy \u2013 zmysel komplexnej laborat\u00f3rnej diagnostiky.<br \/>\n12.00 &#8211; 12.30 <strong>Ing. Jozef Poprac, CSc. Novalim<\/strong> &#8211; 25 rokov v\u00fdroby bez lepku na Slovensku &#8211; novinky a trendy.<br \/>\n12.30 &#8211; 13.30 Premietanie filmu <a href=\"https:\/\/goo.gl\/12DMbv\" target=\"_blank\" rel=\"noopener\"><strong>The Celiac Project<\/strong><\/a> &#8211; dokument o \u017eivote pred a po diagnostikovan\u00ed celiakie.<br \/>\nRe\u017eis\u00e9r Michael Frolichstein bojoval s nieko\u013ek\u00fdmi \u201ez\u00e1hadn\u00fdmi chorobami\u201c, a\u017e mu nakoniec diagnostikovali<br \/>\nceliakiu. Slovensk\u00e1 premi\u00e9ra.<br \/>\n13.30 &#8211; 14.00 <strong>Ing. Jarmila Kab\u00e1tov\u00e1<\/strong> &#8211; Bezlepkov\u00e1 di\u00e9ta &#8211; \u010do je nov\u00e9 v lie\u010dbe celiakie.<br \/>\n14.00 &#8211; 15.00 Premietanie filmu <strong>The Celiac Project<\/strong> &#8211; dokument o \u017eivote pred a po diagnostikovan\u00ed celiakie.<br \/>\nRe\u017eis\u00e9r Michael Frolichstein bojoval s nieko\u013ek\u00fdmi \u201ez\u00e1hadn\u00fdmi chorobami\u201c, a\u017e mu nakoniec diagnostikovali<br \/>\nceliakiu.<br \/>\n15.00 &#8211; 15.30 <strong>Ing. \u013dubica Kuttnerov\u00e1<\/strong> &#8211; Zdrav\u00e9 \u010drevo &#8211; z\u00e1klad fyzick\u00e9ho i du\u0161evn\u00e9ho zdravia.<br \/>\n15.30 &#8211; 16.00 <strong>Ing. \u013dubica Kuttnerov\u00e1<\/strong> &#8211; Lactobacillus bulgaricus &#8211; najstar\u0161ia probiotick\u00e1 bakt\u00e9ria na svete.<br \/>\n16.00 &#8211; 17.00 Premietanie filmu <strong>The Celiac Project<\/strong> &#8211; dokument o \u017eivote pred a po diagnostikovan\u00ed celiakie.<br \/>\nRe\u017eis\u00e9r Michael Frolichstein bojoval s nieko\u013ek\u00fdmi \u201ez\u00e1hadn\u00fdmi chorobami\u201c, a\u017e mu nakoniec diagnostikovali<br \/>\nceliakiu. Slovensk\u00e1 premi\u00e9ra.<br \/>\n17.00 &#8211; 18.00 Premietanie filmu<strong>\u00a0<\/strong><strong>The Celiac Project<\/strong> &#8211; dokument o \u017eivote pred a po diagnostikovan\u00ed celiakie.<br \/>\nRe\u017eis\u00e9r Michael Frolichstein bojoval s nieko\u013ek\u00fdmi \u201ez\u00e1hadn\u00fdmi chorobami\u201c, a\u017e mu nakoniec diagnostikovali<br \/>\nceliakiu. Slovensk\u00e1 premi\u00e9ra.<\/p>\n<p style=\"text-align: center;\"><strong>29. 4. 2017 od 10 &#8211; 18 hod v Pavil\u00f3ne P3<\/strong><\/p>\n<p>10.00 &#8211; 11.00 OTVORENIE V\u00ddSTAVY<br \/>\n11.00 &#8211; 11.30 <strong>Ing. Jozef Poprac, CSc. Novalim<\/strong> &#8211; 25 rokov v\u00fdroby bez lepku na Slovensku &#8211; novinky a trendy.<br \/>\n11.30 &#8211; 12.00 <strong>MUDr. Bo\u017eena Pek\u00e1rkov\u00e1<\/strong> &#8211; Celiakia sa spr\u00e1va ako chamele\u00f3n.<br \/>\n12.00 &#8211; 13.00 Premietanie filmu <a href=\"https:\/\/goo.gl\/12DMbv\" target=\"_blank\" rel=\"noopener\"><strong>The Celiac Project<\/strong><\/a> &#8211; dokument o \u017eivote pred a po diagnostikovan\u00ed celiakie.<br \/>\nRe\u017eis\u00e9r Michael Frolichstein bojoval s nieko\u013ek\u00fdmi \u201ez\u00e1hadn\u00fdmi chorobami\u201c, a\u017e mu nakoniec diagnostikovali<br \/>\nceliakiu. Slovensk\u00e1 premi\u00e9ra.<br \/>\n13.00 &#8211; 13.30 <strong>MUDr. Rastislav Hus\u0165ak<\/strong> &#8211; Diagn\u00f3za celiakia.<br \/>\n13.30 &#8211; 14.00 <strong>Ing. Jarmila Kab\u00e1tov\u00e1<\/strong> &#8211; Bezlepkov\u00e1 di\u00e9ta &#8211; \u010do je nov\u00e9 v lie\u010dbe celiakie.<br \/>\n14.00 &#8211; 15.00 Premietanie filmu <strong>The Celiac Project<\/strong> &#8211; dokument o \u017eivote pred a po diagnostikovan\u00ed celiakie.<br \/>\nRe\u017eis\u00e9r Michael Frolichstein bojoval s nieko\u013ek\u00fdmi \u201ez\u00e1hadn\u00fdmi chorobami\u201c, a\u017e mu nakoniec diagnostikovali<br \/>\nceliakiu. Slovensk\u00e1 premi\u00e9ra.<br \/>\n15.00 &#8211; 15.30 <strong>Ing. \u013dubica Kuttnerov\u00e1<\/strong> &#8211; Zdrav\u00e9 \u010drevo &#8211; z\u00e1klad fyzick\u00e9ho i du\u0161evn\u00e9ho zdravia.<br \/>\n15.30 &#8211; 16.00 <strong>Ing. \u013dubica Kuttnerov\u00e1<\/strong> &#8211; Lactobacillus bulgaricus &#8211; najstar\u0161ia probiotick\u00e1 bakt\u00e9ria na svete.<br \/>\n16.00 &#8211; 17.00 Premietanie filmu <strong>The Celiac Project<\/strong> &#8211; dokument o \u017eivote pred a po diagnostikovan\u00ed celiakie.<br \/>\nRe\u017eis\u00e9r Michael Frolichstein bojoval s nieko\u013ek\u00fdmi \u201ez\u00e1hadn\u00fdmi chorobami\u201c, a\u017e mu nakoniec diagnostikovali<br \/>\nceliakiu. Slovensk\u00e1 premi\u00e9ra.<br \/>\n17.00 &#8211; 18.00 Premietanie filmu <strong>The Celiac Project<\/strong> &#8211; dokument o \u017eivote pred a po diagnostikovan\u00ed celiakie.<br \/>\nRe\u017eis\u00e9r Michael Frolichstein bojoval s nieko\u013ek\u00fdmi \u201ez\u00e1hadn\u00fdmi chorobami\u201c, a\u017e mu nakoniec diagnostikovali<br \/>\nceliakiu. Slovensk\u00e1 premi\u00e9ra.<\/p>\n<p style=\"text-align: center;\"><strong>Kuch\u00e1rska \u0161ou 29. 4. 2017 na Gluten Free Expo 2017 v Pavil\u00f3ne P1<\/strong><\/p>\n<p>11.00 &#8211; 12.00 KUCH\u00c1RSKA \u0160OU<strong> Ing. Michaela Smolov\u00e1<\/strong>: Bezlepkov\u00e9 pe\u010denie v rodine<br \/>\n12.00 &#8211; 13.00 KUCH\u00c1RSKA \u0160OU ktor\u00fa predvedie \u0161\u00e9fkuch\u00e1r <strong>Wellness Hotela Chopok p\u00e1n Ivan Kl\u010dovsk\u00fd<\/strong><br \/>\n13.00 &#8211; 14.00 KUCH\u00c1RSKA \u0160OU<strong> Ing. Michaela Smolov\u00e1<\/strong>: Bezlepkov\u00e9 pe\u010denie v rodine<br \/>\n14.00 &#8211; 15.00 KUCH\u00c1RSKA \u0160OU ktor\u00fa predvedie \u0161\u00e9fkuch\u00e1r <strong>Wellness Hotela Chopok p\u00e1n Ivan Kl\u010dovsk\u00fd<\/strong><\/p>\n<p><img loading=\"lazy\" decoding=\"async\" class=\"alignleft size-full wp-image-1060\" src=\"http:\/\/www.glutenfreeexpo.sk\/wp-content\/uploads\/2017\/04\/p1-p3.png\" alt=\"\" width=\"840\" height=\"456\" srcset=\"http:\/\/www.glutenfreeexpo.sk\/wp-content\/uploads\/2017\/04\/p1-p3.png 840w, http:\/\/www.glutenfreeexpo.sk\/wp-content\/uploads\/2017\/04\/p1-p3-300x163.png 300w, http:\/\/www.glutenfreeexpo.sk\/wp-content\/uploads\/2017\/04\/p1-p3-768x417.png 768w, http:\/\/www.glutenfreeexpo.sk\/wp-content\/uploads\/2017\/04\/p1-p3-24x13.png 24w, http:\/\/www.glutenfreeexpo.sk\/wp-content\/uploads\/2017\/04\/p1-p3-36x20.png 36w, http:\/\/www.glutenfreeexpo.sk\/wp-content\/uploads\/2017\/04\/p1-p3-48x26.png 48w\" sizes=\"auto, (max-width: 840px) 100vw, 840px\" \/><\/p>\n","protected":false},"excerpt":{"rendered":"<p>Doprovodn\u00fd program na Gluten Free Expo 2017 Tren\u010d\u00edn 28. 4. 2017 od 10 &#8211; 18 hod v Pavil\u00f3ne P3 10.00\u00a0 &#8211;\u00a0 11.00 OTVORENIE V\u00ddSTAVY 11.00 &#8211; 12.00 MUDr. Marta Dob\u00e1kov\u00e1 &#8211; Celiakia, PCOS, \u010fal\u0161ie diagn\u00f3zy \u2013 zmysel komplexnej laborat\u00f3rnej diagnostiky. 12.00 &#8211; 12.30 Ing. Jozef Poprac, CSc. Novalim &#8211; 25 rokov v\u00fdroby bez lepku na<a href=\"http:\/\/www.glutenfreeexpo.sk\/en\/program-2017\/\">[&#8230;]<\/a><\/p>\n","protected":false},"author":1,"featured_media":0,"parent":0,"menu_order":0,"comment_status":"closed","ping_status":"closed","template":"template-fullwidth.php","meta":{"_monsterinsights_skip_tracking":false,"_monsterinsights_sitenote_active":false,"_monsterinsights_sitenote_note":"","_monsterinsights_sitenote_category":0,"footnotes":""},"class_list":["post-1047","page","type-page","status-publish","hentry"],"aioseo_notices":[],"_links":{"self":[{"href":"http:\/\/www.glutenfreeexpo.sk\/en\/wp-json\/wp\/v2\/pages\/1047","targetHints":{"allow":["GET"]}}],"collection":[{"href":"http:\/\/www.glutenfreeexpo.sk\/en\/wp-json\/wp\/v2\/pages"}],"about":[{"href":"http:\/\/www.glutenfreeexpo.sk\/en\/wp-json\/wp\/v2\/types\/page"}],"author":[{"embeddable":true,"href":"http:\/\/www.glutenfreeexpo.sk\/en\/wp-json\/wp\/v2\/users\/1"}],"replies":[{"embeddable":true,"href":"http:\/\/www.glutenfreeexpo.sk\/en\/wp-json\/wp\/v2\/comments?post=1047"}],"version-history":[{"count":25,"href":"http:\/\/www.glutenfreeexpo.sk\/en\/wp-json\/wp\/v2\/pages\/1047\/revisions"}],"predecessor-version":[{"id":1322,"href":"http:\/\/www.glutenfreeexpo.sk\/en\/wp-json\/wp\/v2\/pages\/1047\/revisions\/1322"}],"wp:attachment":[{"href":"http:\/\/www.glutenfreeexpo.sk\/en\/wp-json\/wp\/v2\/media?parent=1047"}],"curies":[{"name":"wp","href":"https:\/\/api.w.org\/{rel}","templated":true}]}}