{"id":1151,"date":"2017-06-21T22:46:01","date_gmt":"2017-06-21T20:46:01","guid":{"rendered":"http:\/\/www.glutenfreeexpo.sk\/?page_id=1151"},"modified":"2017-10-11T21:16:46","modified_gmt":"2017-10-11T19:16:46","slug":"video-gluten-free-expo-2017","status":"publish","type":"page","link":"http:\/\/www.glutenfreeexpo.sk\/en\/video-gluten-free-expo-2017\/","title":{"rendered":"Video Gluten Free Expo 2017"},"content":{"rendered":"<h5>Report\u00e1\u017e RTVS<\/h5>\n<div><video controls=\"controls\" width=\"544\" height=\"353\" data-mce-fragment=\"1\"><source src=\"http:\/\/www.glutenfreeexpo.sk\/wp-content\/uploads\/video\/RTVS_GlutenFreeExpo2017.mp4\" type=\"video\/mp4\" autostart=\"false\" \/>Your browser does not support the video tag.<\/video><\/div>\n<p>&nbsp;<\/p>\n<h5>Report\u00e1\u017e telev\u00edzie Mark\u00edza<\/h5>\n<div><video controls=\"controls\" width=\"544\" height=\"353\" data-mce-fragment=\"1\"><source src=\"http:\/\/www.glutenfreeexpo.sk\/wp-content\/uploads\/video\/Markiza_GlutenFreeExpo2017.mp4\" type=\"video\/mp4\" autostart=\"false\" \/>Your browser does not support the video tag.<\/video><\/div>","protected":false},"excerpt":{"rendered":"<p>Report\u00e1\u017e RTVS Your browser does not support the video tag. &nbsp; Report\u00e1\u017e telev\u00edzie Mark\u00edza Your browser does not support the video tag.<\/p>\n","protected":false},"author":1,"featured_media":0,"parent":0,"menu_order":0,"comment_status":"closed","ping_status":"closed","template":"template-fullwidth.php","meta":{"_monsterinsights_skip_tracking":false,"_monsterinsights_sitenote_active":false,"_monsterinsights_sitenote_note":"","_monsterinsights_sitenote_category":0,"footnotes":""},"class_list":["post-1151","page","type-page","status-publish","hentry"],"aioseo_notices":[],"_links":{"self":[{"href":"http:\/\/www.glutenfreeexpo.sk\/en\/wp-json\/wp\/v2\/pages\/1151","targetHints":{"allow":["GET"]}}],"collection":[{"href":"http:\/\/www.glutenfreeexpo.sk\/en\/wp-json\/wp\/v2\/pages"}],"about":[{"href":"http:\/\/www.glutenfreeexpo.sk\/en\/wp-json\/wp\/v2\/types\/page"}],"author":[{"embeddable":true,"href":"http:\/\/www.glutenfreeexpo.sk\/en\/wp-json\/wp\/v2\/users\/1"}],"replies":[{"embeddable":true,"href":"http:\/\/www.glutenfreeexpo.sk\/en\/wp-json\/wp\/v2\/comments?post=1151"}],"version-history":[{"count":4,"href":"http:\/\/www.glutenfreeexpo.sk\/en\/wp-json\/wp\/v2\/pages\/1151\/revisions"}],"predecessor-version":[{"id":1253,"href":"http:\/\/www.glutenfreeexpo.sk\/en\/wp-json\/wp\/v2\/pages\/1151\/revisions\/1253"}],"wp:attachment":[{"href":"http:\/\/www.glutenfreeexpo.sk\/en\/wp-json\/wp\/v2\/media?parent=1151"}],"curies":[{"name":"wp","href":"https:\/\/api.w.org\/{rel}","templated":true}]}}