{"id":1198,"date":"2017-09-05T19:12:24","date_gmt":"2017-09-05T17:12:24","guid":{"rendered":"http:\/\/www.glutenfreeexpo.sk\/?page_id=1198"},"modified":"2018-05-29T13:30:26","modified_gmt":"2018-05-29T11:30:26","slug":"produkty-2018","status":"publish","type":"page","link":"http:\/\/www.glutenfreeexpo.sk\/en\/produkty-2018\/","title":{"rendered":"Products"},"content":{"rendered":"&nbsp;<\/p>\n<div class=\"gdc_row\"><div class=\"gdc_column gdc_cquarter\"><div class=\"gdc_inner\">\n<p><a href=\"http:\/\/www.pekarenharmonia.sk\" target=\"_blank\" rel=\"noopener noreferrer\"><img loading=\"lazy\" decoding=\"async\" class=\"alignnone size-full wp-image-370\" src=\"http:\/\/www.glutenfreeexpo.sk\/wp-content\/uploads\/2016\/06\/harmonia_sk.png\" alt=\"harmonia_sk\" width=\"348\" height=\"128\" srcset=\"http:\/\/www.glutenfreeexpo.sk\/wp-content\/uploads\/2016\/06\/harmonia_sk.png 348w, http:\/\/www.glutenfreeexpo.sk\/wp-content\/uploads\/2016\/06\/harmonia_sk-300x110.png 300w, http:\/\/www.glutenfreeexpo.sk\/wp-content\/uploads\/2016\/06\/harmonia_sk-24x9.png 24w, http:\/\/www.glutenfreeexpo.sk\/wp-content\/uploads\/2016\/06\/harmonia_sk-36x13.png 36w, http:\/\/www.glutenfreeexpo.sk\/wp-content\/uploads\/2016\/06\/harmonia_sk-48x18.png 48w\" sizes=\"auto, (max-width: 348px) 100vw, 348px\" \/><\/a><br \/>\n<\/div><\/div><div class=\"gdc_column gdc_cthree-quarters\"><div class=\"gdc_inner\">\n<p><strong>PEK\u00c1RE\u0147 HARM\u00d3NIA<\/strong><\/p>\n<p><a href=\"http:\/\/www.pekarenharmonia.sk\" target=\"_blank\" rel=\"noopener noreferrer\">www.pekarenharmonia.sk<\/a><\/p>\n<p>Pek\u00e1re\u0148 Harm\u00f3nia prin\u00e1\u0161a harm\u00f3niu v podobe kvalitn\u00fdch bezlepkov\u00fdch produktov, ktor\u00e9 u\u013eah\u010dia ka\u017edodenn\u00fd \u017eivot bez lepku. V ponuke n\u00e1jdete \u0161irok\u00fa \u0161k\u00e1lu pek\u00e1rensk\u00fdch produktov &#8211; bezlepkov\u00fd chlieb ako i bezlepkov\u00e9 pe\u010divo a bezlepkov\u00e9 sladk\u00e9 pe\u010divo &#8211; bezlepkov\u00e9 cukrovinky (torty, viano\u010dn\u00e9 pe\u010divo), \u010di bezlepkov\u00e9 polotovary a n\u00edzkobielkovinov\u00e9 produkty.<\/p>\n<\/div><\/div><\/div>\n<p>&nbsp;<\/p>\n<div class=\"gdc_row\"><div class=\"gdc_column gdc_cquarter\"><div class=\"gdc_inner\">\n<p><a href=\"http:\/\/www.ireks.sk\/Slovensky.htm\" target=\"_blank\" rel=\"noopener noreferrer\"><img loading=\"lazy\" decoding=\"async\" class=\"alignnone size-full wp-image-719\" src=\"http:\/\/www.glutenfreeexpo.sk\/wp-content\/uploads\/2016\/12\/300_ireks_head.jpg\" alt=\"300_ireks_head\" width=\"300\" height=\"200\" srcset=\"http:\/\/www.glutenfreeexpo.sk\/wp-content\/uploads\/2016\/12\/300_ireks_head.jpg 300w, http:\/\/www.glutenfreeexpo.sk\/wp-content\/uploads\/2016\/12\/300_ireks_head-24x16.jpg 24w, http:\/\/www.glutenfreeexpo.sk\/wp-content\/uploads\/2016\/12\/300_ireks_head-36x24.jpg 36w, http:\/\/www.glutenfreeexpo.sk\/wp-content\/uploads\/2016\/12\/300_ireks_head-48x32.jpg 48w\" sizes=\"auto, (max-width: 300px) 100vw, 300px\" \/><\/a><br \/>\n<\/div><\/div><div class=\"gdc_column gdc_cthree-quarters\"><div class=\"gdc_inner\">\n<p><strong>IREKS ENZYMA, s.r.o.<\/strong><\/p>\n<p><a href=\"http:\/\/www.ireks.sk\/Slovensky.htm\" target=\"_blank\" rel=\"noopener noreferrer\">www.ireks.sk<\/a><\/p>\n<p>Pon\u00fakame pek\u00e1r\u0148am po celom svete \u0161irok\u00fd sortiment vr\u00e1tan\u00e9 informa\u010dn\u00e9ho materi\u00e1lu na bezpe\u010dn\u00e9 bezglut\u00e9nov\u00e9 spracovanie. T\u00fdmto je zaisten\u00e1 v\u00fdroba r\u00f4zneho pe\u010divo v najlep\u0161ej kvalite.<\/p>\n<\/div><\/div><\/div>\n<p>&nbsp;<\/p>\n<div class=\"gdc_row\"><div class=\"gdc_column gdc_cquarter\"><div class=\"gdc_inner\">\n<p><img loading=\"lazy\" decoding=\"async\" class=\"size-full wp-image-973 alignnone\" src=\"http:\/\/www.glutenfreeexpo.sk\/wp-content\/uploads\/2017\/04\/ekvia_-2.png\" alt=\"\" width=\"253\" height=\"143\" srcset=\"http:\/\/www.glutenfreeexpo.sk\/wp-content\/uploads\/2017\/04\/ekvia_-2.png 253w, http:\/\/www.glutenfreeexpo.sk\/wp-content\/uploads\/2017\/04\/ekvia_-2-24x14.png 24w, http:\/\/www.glutenfreeexpo.sk\/wp-content\/uploads\/2017\/04\/ekvia_-2-36x20.png 36w, http:\/\/www.glutenfreeexpo.sk\/wp-content\/uploads\/2017\/04\/ekvia_-2-48x27.png 48w\" sizes=\"auto, (max-width: 253px) 100vw, 253px\" \/><\/p>\n<\/div><\/div><div class=\"gdc_column gdc_cthree-quarters\"><div class=\"gdc_inner\">\n<p><strong>EKVIA s.r.o.<\/strong><\/p>\n<p><a href=\"http:\/\/www.ekvia.sk\" target=\"_blank\" rel=\"noopener noreferrer\">www.ekvia.sk<\/a><\/p>\n<p>spolo\u010dnos\u0165 EKVIA s.r.o. zabezpe\u010duje distrib\u00faciu tovaru k z\u00e1kazn\u00edkom zo \u0161tyroch stred\u00edsk: Nitra (centr\u00e1la spolo\u010dnosti), Martin, Rimavsk\u00e1 Sobota a Pre\u0161ov. EKVIA m\u00e1 v sortimente takmer 2000 skladov\u00fdch\u00a0 polo\u017eiek, ktor\u00fdmi z\u00e1sobuje viac ako 1200 pravideln\u00fdch z\u00e1kazn\u00edkov. Tovar nakupujeme u takmer 150 dod\u00e1vate\u013eov z cel\u00e9ho sveta. N\u00e1\u0161 sortiment pokr\u00fdva v\u0161etky be\u017en\u00e9 a v\u00e4\u010d\u0161inu \u0161peci\u00e1lnych potrieb na\u0161ich z\u00e1kazn\u00edkov. Roz\u0161irovan\u00edm sortimentu reagujeme na trhov\u00e9 a spotrebite\u013esk\u00e9 trendy typu BIO, clean label, bezlepkov\u00e9 potraviny a pod. Z\u00e1kazn\u00edkom vych\u00e1dzame v \u00fastrety aj \u0161irokou ponukou doplnkov\u00e9ho sortimentu, napr. separa\u010dn\u00e9 prostriedky, papier na pe\u010denie, kart\u00f3nov\u00e9 obaly, vreck\u00e1 at\u010f. Okrem samotn\u00e9ho predaja tovaru poskytujeme na\u0161im z\u00e1kazn\u00edkom podporn\u00e9 slu\u017eby, aby s na\u0161imi v\u00fdrobkami uspeli na svojom trhu \u2013 od technologick\u00e9ho servisu cez \u00fapravu recept\u00far a v\u00fdvoj produktov pre z\u00e1kazn\u00edka a\u017e po r\u00f4zne podporn\u00e9 a propaga\u010dn\u00e9 materi\u00e1ly. Samozrejmos\u0165ou je spo\u013eahliv\u00e1 a flexibiln\u00e1 distrib\u00facia. Kvalitu a bezpe\u010dnos\u0165 manipul\u00e1cie s tovarom potvrdzuje certifik\u00e1t\u00a0 ISO 22000.<\/p>\n<\/div><\/div><\/div>","protected":false},"excerpt":{"rendered":"<p>&nbsp; &nbsp; &nbsp;<\/p>\n","protected":false},"author":1,"featured_media":0,"parent":0,"menu_order":0,"comment_status":"closed","ping_status":"closed","template":"template-fullwidth.php","meta":{"_monsterinsights_skip_tracking":false,"_monsterinsights_sitenote_active":false,"_monsterinsights_sitenote_note":"","_monsterinsights_sitenote_category":0,"footnotes":""},"class_list":["post-1198","page","type-page","status-publish","hentry"],"aioseo_notices":[],"_links":{"self":[{"href":"http:\/\/www.glutenfreeexpo.sk\/en\/wp-json\/wp\/v2\/pages\/1198","targetHints":{"allow":["GET"]}}],"collection":[{"href":"http:\/\/www.glutenfreeexpo.sk\/en\/wp-json\/wp\/v2\/pages"}],"about":[{"href":"http:\/\/www.glutenfreeexpo.sk\/en\/wp-json\/wp\/v2\/types\/page"}],"author":[{"embeddable":true,"href":"http:\/\/www.glutenfreeexpo.sk\/en\/wp-json\/wp\/v2\/users\/1"}],"replies":[{"embeddable":true,"href":"http:\/\/www.glutenfreeexpo.sk\/en\/wp-json\/wp\/v2\/comments?post=1198"}],"version-history":[{"count":65,"href":"http:\/\/www.glutenfreeexpo.sk\/en\/wp-json\/wp\/v2\/pages\/1198\/revisions"}],"predecessor-version":[{"id":1629,"href":"http:\/\/www.glutenfreeexpo.sk\/en\/wp-json\/wp\/v2\/pages\/1198\/revisions\/1629"}],"wp:attachment":[{"href":"http:\/\/www.glutenfreeexpo.sk\/en\/wp-json\/wp\/v2\/media?parent=1198"}],"curies":[{"name":"wp","href":"https:\/\/api.w.org\/{rel}","templated":true}]}}