{"id":1200,"date":"2017-09-05T19:12:52","date_gmt":"2017-09-05T17:12:52","guid":{"rendered":"http:\/\/www.glutenfreeexpo.sk\/?page_id=1200"},"modified":"2018-05-29T13:31:04","modified_gmt":"2018-05-29T11:31:04","slug":"e-shopy-2018","status":"publish","type":"page","link":"http:\/\/www.glutenfreeexpo.sk\/en\/e-shopy-2018\/","title":{"rendered":"E-shops"},"content":{"rendered":"&nbsp;<\/p>\n<div class=\"gdc_row\"><div class=\"gdc_column gdc_cquarter\"><div class=\"gdc_inner\">\n<p><a href=\"http:\/\/www.pekarenharmonia.sk\" target=\"_blank\" rel=\"noopener noreferrer\"><img loading=\"lazy\" decoding=\"async\" class=\"alignnone size-full wp-image-370\" src=\"http:\/\/www.glutenfreeexpo.sk\/wp-content\/uploads\/2016\/06\/harmonia_sk.png\" alt=\"harmonia_sk\" width=\"348\" height=\"128\" srcset=\"http:\/\/www.glutenfreeexpo.sk\/wp-content\/uploads\/2016\/06\/harmonia_sk.png 348w, http:\/\/www.glutenfreeexpo.sk\/wp-content\/uploads\/2016\/06\/harmonia_sk-300x110.png 300w, http:\/\/www.glutenfreeexpo.sk\/wp-content\/uploads\/2016\/06\/harmonia_sk-24x9.png 24w, http:\/\/www.glutenfreeexpo.sk\/wp-content\/uploads\/2016\/06\/harmonia_sk-36x13.png 36w, http:\/\/www.glutenfreeexpo.sk\/wp-content\/uploads\/2016\/06\/harmonia_sk-48x18.png 48w\" sizes=\"auto, (max-width: 348px) 100vw, 348px\" \/><\/a><br \/>\n<\/div><\/div><div class=\"gdc_column gdc_cthree-quarters\"><div class=\"gdc_inner\">\n<p><strong>PEK\u00c1RE\u0147 HARM\u00d3NIA<\/strong><\/p>\n<p><a href=\"http:\/\/www.pekarenharmonia.sk\" target=\"_blank\" rel=\"noopener noreferrer\">www.pekarenharmonia.sk<\/a><\/p>\n<p>Pek\u00e1re\u0148 Harm\u00f3nia prin\u00e1\u0161a harm\u00f3niu v podobe kvalitn\u00fdch bezlepkov\u00fdch produktov, ktor\u00e9 u\u013eah\u010dia ka\u017edodenn\u00fd \u017eivot bez lepku. V ponuke n\u00e1jdete \u0161irok\u00fa \u0161k\u00e1lu pek\u00e1rensk\u00fdch produktov &#8211; bezlepkov\u00fd chlieb ako i bezlepkov\u00e9 pe\u010divo a bezlepkov\u00e9 sladk\u00e9 pe\u010divo &#8211; bezlepkov\u00e9 cukrovinky (torty, viano\u010dn\u00e9 pe\u010divo), \u010di bezlepkov\u00e9 polotovary a n\u00edzkobielkovinov\u00e9 produkty.<\/p>\n<\/div><\/div><\/div>","protected":false},"excerpt":{"rendered":"<p>&nbsp;<\/p>\n","protected":false},"author":1,"featured_media":0,"parent":0,"menu_order":0,"comment_status":"closed","ping_status":"closed","template":"template-fullwidth.php","meta":{"_monsterinsights_skip_tracking":false,"_monsterinsights_sitenote_active":false,"_monsterinsights_sitenote_note":"","_monsterinsights_sitenote_category":0,"footnotes":""},"class_list":["post-1200","page","type-page","status-publish","hentry"],"aioseo_notices":[],"_links":{"self":[{"href":"http:\/\/www.glutenfreeexpo.sk\/en\/wp-json\/wp\/v2\/pages\/1200","targetHints":{"allow":["GET"]}}],"collection":[{"href":"http:\/\/www.glutenfreeexpo.sk\/en\/wp-json\/wp\/v2\/pages"}],"about":[{"href":"http:\/\/www.glutenfreeexpo.sk\/en\/wp-json\/wp\/v2\/types\/page"}],"author":[{"embeddable":true,"href":"http:\/\/www.glutenfreeexpo.sk\/en\/wp-json\/wp\/v2\/users\/1"}],"replies":[{"embeddable":true,"href":"http:\/\/www.glutenfreeexpo.sk\/en\/wp-json\/wp\/v2\/comments?post=1200"}],"version-history":[{"count":20,"href":"http:\/\/www.glutenfreeexpo.sk\/en\/wp-json\/wp\/v2\/pages\/1200\/revisions"}],"predecessor-version":[{"id":1630,"href":"http:\/\/www.glutenfreeexpo.sk\/en\/wp-json\/wp\/v2\/pages\/1200\/revisions\/1630"}],"wp:attachment":[{"href":"http:\/\/www.glutenfreeexpo.sk\/en\/wp-json\/wp\/v2\/media?parent=1200"}],"curies":[{"name":"wp","href":"https:\/\/api.w.org\/{rel}","templated":true}]}}