{"id":310,"date":"2016-05-18T19:32:41","date_gmt":"2016-05-18T17:32:41","guid":{"rendered":"http:\/\/www.glutenfreeexpo.sk\/?page_id=310"},"modified":"2018-01-08T15:36:28","modified_gmt":"2018-01-08T14:36:28","slug":"media-2017","status":"publish","type":"page","link":"http:\/\/www.glutenfreeexpo.sk\/en\/media-2017\/","title":{"rendered":"Media 2017"},"content":{"rendered":"<div class=\"gdc_row\"><div class=\"gdc_column gdc_cthird\"><div class=\"gdc_inner\">\n<p><a href=\"http:\/\/www.bezlepku.sk\" target=\"_blank\" rel=\"noopener\"><img loading=\"lazy\" decoding=\"async\" class=\"size-medium wp-image-309 alignnone\" src=\"http:\/\/www.glutenfreeexpo.sk\/wp-content\/uploads\/2016\/05\/titulka_2015_300_x_bez-226x300.jpg\" alt=\"BEZlepku\" width=\"226\" height=\"300\" srcset=\"http:\/\/www.glutenfreeexpo.sk\/wp-content\/uploads\/2016\/05\/titulka_2015_300_x_bez-226x300.jpg 226w, http:\/\/www.glutenfreeexpo.sk\/wp-content\/uploads\/2016\/05\/titulka_2015_300_x_bez-18x24.jpg 18w, http:\/\/www.glutenfreeexpo.sk\/wp-content\/uploads\/2016\/05\/titulka_2015_300_x_bez-27x36.jpg 27w, http:\/\/www.glutenfreeexpo.sk\/wp-content\/uploads\/2016\/05\/titulka_2015_300_x_bez-36x48.jpg 36w, http:\/\/www.glutenfreeexpo.sk\/wp-content\/uploads\/2016\/05\/titulka_2015_300_x_bez.jpg 300w\" sizes=\"auto, (max-width: 226px) 100vw, 226px\" \/><\/a><br \/>\n<\/div><\/div><div class=\"gdc_column gdc_ctwo-thirds\"><div class=\"gdc_inner\">\n<h3>BEZlepku<\/h3>\n<p>je jedin\u00fd \u010dasopis na Slovensku, ktor\u00fd sa \u0161peci\u00e1lne venuje t\u00e9mam BEZ LEPKU z oblasti zdravia a v\u00fd\u017eivy. T\u00e1to ro\u010denka je pre celiatikov a v\u0161etk\u00fdch, ktor\u00ed sa zauj\u00edmaj\u00fa o bezlepkov\u00e9 trendy v potravin\u00e1ch. Denne aktualizovan\u00e9 inform\u00e1cie s\u00fa k dispoz\u00edcii na <a href=\"http:\/\/www.bezlepku.sk\" target=\"_blank\" rel=\"noopener\">www.bezlepku.sk<\/a> a na <a href=\"https:\/\/www.facebook.com\/BezLepku-1455137074791772\/\" target=\"_blank\" rel=\"noopener\">facebooku BEZlepku<\/a>. Prv\u00e9 vydanie \u010dasopisu BEZlepku bolo v roku 2007 a nov\u00e9 vydanie BEZlepku 2017 bude aj na v\u00fdstave GLUTEN FREE EXPO 2017.<\/p>\n<\/div><\/div><\/div>\n<div class=\"gdc_row\"><div class=\"gdc_column gdc_cthird\"><div class=\"gdc_inner\">\n<p><a href=\"http:\/\/zdravierodiny.zenskyweb.sk\/\" target=\"_blank\" rel=\"noopener\"><img loading=\"lazy\" decoding=\"async\" class=\"size-full wp-image-396 alignnone\" src=\"http:\/\/www.glutenfreeexpo.sk\/wp-content\/uploads\/2016\/06\/226_slovenka_zdravie-rodiny.png\" alt=\"226_slovenka_zdravie-rodiny\" width=\"226\" height=\"301\" srcset=\"http:\/\/www.glutenfreeexpo.sk\/wp-content\/uploads\/2016\/06\/226_slovenka_zdravie-rodiny.png 226w, http:\/\/www.glutenfreeexpo.sk\/wp-content\/uploads\/2016\/06\/226_slovenka_zdravie-rodiny-225x300.png 225w, http:\/\/www.glutenfreeexpo.sk\/wp-content\/uploads\/2016\/06\/226_slovenka_zdravie-rodiny-18x24.png 18w, http:\/\/www.glutenfreeexpo.sk\/wp-content\/uploads\/2016\/06\/226_slovenka_zdravie-rodiny-27x36.png 27w, http:\/\/www.glutenfreeexpo.sk\/wp-content\/uploads\/2016\/06\/226_slovenka_zdravie-rodiny-36x48.png 36w\" sizes=\"auto, (max-width: 226px) 100vw, 226px\" \/><\/a><br \/>\n<\/div><\/div><div class=\"gdc_column gdc_ctwo-thirds\"><div class=\"gdc_inner\">\n<h3>ZDRAVIE RODINY<\/h3>\n<p>Mesa\u010dn\u00edk Slovenka <a href=\"http:\/\/zdravierodiny.zenskyweb.sk\/\" target=\"_blank\" rel=\"noopener\">ZDRAVIE RODINY <\/a>z portf\u00f3lia vydavate\u013estva STAR production prin\u00e1\u0161a aktu\u00e1lne t\u00e9my z oblasti zdravia, v\u00fd\u017eivy, psychohygieny, \u0161portu, \u0161portovej m\u00f3dy a kr\u00e1sy. Nezab\u00fada ani na vz\u0165ahy, mu\u017eov \u010di deti. Pridanou hodnotou \u010dasopisu s\u00fa odborn\u00ed garanti \u2013 lek\u00e1ri, psychol\u00f3govia, v\u00fd\u017eivov\u00ed poradcovia a \u0161pecialisti v oblasti v\u00fd\u017eivy a \u0161portu.<\/p>\n<\/div><\/div><\/div>\n<div class=\"gdc_row\"><div class=\"gdc_column gdc_cthird\"><div class=\"gdc_inner\">\n<p><img loading=\"lazy\" decoding=\"async\" class=\"alignnone size-full wp-image-617\" src=\"http:\/\/www.glutenfreeexpo.sk\/wp-content\/uploads\/2016\/11\/226_apetit-n.jpg\" alt=\"226_apetit n\" width=\"226\" height=\"315\" srcset=\"http:\/\/www.glutenfreeexpo.sk\/wp-content\/uploads\/2016\/11\/226_apetit-n.jpg 226w, http:\/\/www.glutenfreeexpo.sk\/wp-content\/uploads\/2016\/11\/226_apetit-n-215x300.jpg 215w, http:\/\/www.glutenfreeexpo.sk\/wp-content\/uploads\/2016\/11\/226_apetit-n-17x24.jpg 17w, http:\/\/www.glutenfreeexpo.sk\/wp-content\/uploads\/2016\/11\/226_apetit-n-26x36.jpg 26w, http:\/\/www.glutenfreeexpo.sk\/wp-content\/uploads\/2016\/11\/226_apetit-n-34x48.jpg 34w\" sizes=\"auto, (max-width: 226px) 100vw, 226px\" \/><br \/>\n<\/div><\/div><div class=\"gdc_column gdc_ctwo-thirds\"><div class=\"gdc_inner\">\n<h3>Apetit<\/h3>\n<p>Recept <a href=\"http:\/\/www.apetitonline.cz\" target=\"_blank\" rel=\"noopener\">Apetit<\/a> je jednoduch\u00fd. Je to \u010dasopis nap\u00edsan\u00fd s ozajstnou chu\u0165ou a ur\u010den\u00fd novej gener\u00e1cii \u017eien a mu\u017eov, pre ktor\u00fdch je varenie viac kon\u00ed\u010dkom a spolo\u010denskou z\u00e1bavou ne\u017e nutnos\u0165ou. Aj ke\u010f sa ka\u017ed\u00e1 strana t\u00fdka varenia, v celkovom spracovan\u00ed \u010dasopisu sa odr\u00e1\u017eaj\u00fa prvky s\u00favisiace so \u017eivotn\u00fdm \u0161t\u00fdlom. Apetit pon\u00faka origin\u00e1lne, jednoduch\u00e9 a funk\u010dn\u00e9 recepty, zoznamuje \u010ditate\u013ea s gastronomick\u00fdmi novinkami a u\u010d\u00ed ich &#8220;neb\u00e1\u0165 sa kuchyne&#8221;. A to aj v tom pr\u00edpade, \u017ee nie s\u00fa pr\u00e1ve majstrami kuch\u00e1rmi. Str\u00e1nky s\u00fa navrhnut\u00e9 v pr\u00edjemn\u00fdch farb\u00e1ch, tak\u017ee u\u017e pri poh\u013eade na fotografie sa v\u00e1m zbiehaj\u00fa sliny. Pri varen\u00ed pod\u013ea Apetit si \u010ditate\u013e mimovo\u013ene uvedom\u00ed, \u017ee ka\u017ed\u00fd recept funguje. A v\u00fdsledok vyzer\u00e1 presne ako na fotografii v \u010dasopise. Redakcia Apet\u00edt je vybaven\u00e1 profesion\u00e1lnou kuchy\u0148ou, aby mohla ka\u017ed\u00fd recept vopred vysk\u00fa\u0161a\u0165 s dostupn\u00fdmi ingredienciami. &#8220;Sk\u00fa\u0161obn\u00ed&#8221; kuch\u00e1ri sa st\u00e1vaj\u00fa redaktorky alebo \u010ditatelia Apetit, ktor\u00ed do tejto kuchyne prich\u00e1dzaj\u00fa vari\u0165. Recept sa v redakcii upravuje tak dlho, dokia\u013e nie je v\u00fdsledok stopercentn\u00fd.<\/p>\n<\/div><\/div><\/div>","protected":false},"excerpt":{"rendered":"","protected":false},"author":1,"featured_media":0,"parent":0,"menu_order":0,"comment_status":"closed","ping_status":"closed","template":"template-fullwidth.php","meta":{"_monsterinsights_skip_tracking":false,"_monsterinsights_sitenote_active":false,"_monsterinsights_sitenote_note":"","_monsterinsights_sitenote_category":0,"footnotes":""},"class_list":["post-310","page","type-page","status-publish","hentry"],"aioseo_notices":[],"_links":{"self":[{"href":"http:\/\/www.glutenfreeexpo.sk\/en\/wp-json\/wp\/v2\/pages\/310","targetHints":{"allow":["GET"]}}],"collection":[{"href":"http:\/\/www.glutenfreeexpo.sk\/en\/wp-json\/wp\/v2\/pages"}],"about":[{"href":"http:\/\/www.glutenfreeexpo.sk\/en\/wp-json\/wp\/v2\/types\/page"}],"author":[{"embeddable":true,"href":"http:\/\/www.glutenfreeexpo.sk\/en\/wp-json\/wp\/v2\/users\/1"}],"replies":[{"embeddable":true,"href":"http:\/\/www.glutenfreeexpo.sk\/en\/wp-json\/wp\/v2\/comments?post=310"}],"version-history":[{"count":50,"href":"http:\/\/www.glutenfreeexpo.sk\/en\/wp-json\/wp\/v2\/pages\/310\/revisions"}],"predecessor-version":[{"id":1333,"href":"http:\/\/www.glutenfreeexpo.sk\/en\/wp-json\/wp\/v2\/pages\/310\/revisions\/1333"}],"wp:attachment":[{"href":"http:\/\/www.glutenfreeexpo.sk\/en\/wp-json\/wp\/v2\/media?parent=310"}],"curies":[{"name":"wp","href":"https:\/\/api.w.org\/{rel}","templated":true}]}}