{"id":37,"date":"2016-04-25T14:15:41","date_gmt":"2016-04-25T12:15:41","guid":{"rendered":"http:\/\/www.glutenfreeexpo.sk\/?page_id=37"},"modified":"2017-10-11T21:04:15","modified_gmt":"2017-10-11T19:04:15","slug":"press-2017","status":"publish","type":"page","link":"http:\/\/www.glutenfreeexpo.sk\/en\/press-2017\/","title":{"rendered":"Press 2017"},"content":{"rendered":"<p><strong>Bezlepkov\u00e1 udalos\u0165 roka<br \/>\n<\/strong><br \/>\n<strong>Prv\u00fd ro\u010dn\u00edk Gluten Free EXPO Slovakia 2017 v Tren\u010d\u00edne v term\u00edne 28. &#8211; 29. apr\u00edla<\/strong><\/p>\n<p>Tento rok sa u\u017e aj na Slovensku bude kona\u0165 prv\u00e1 medzin\u00e1rodn\u00e1 v\u00fdstava spojen\u00e1 s predajom v\u00fdrobkov bez lepku pod n\u00e1zvom Gluten Free EXPO Slovakia 2017. Od 28. do 29. apr\u00edla 2017 si na v\u00fdstavisku Expo Center v Tren\u010d\u00edne bud\u00fa m\u00f4c\u0165 celiatici a \u013eudia, ktor\u00ed v svojej strave obmedzuj\u00fa lepok zak\u00fapi\u0165 v\u00fdrobky bez lepku \u010di z\u00edska\u0165 inform\u00e1cie o novink\u00e1ch. Odborn\u00edci na v\u00fd\u017eivu a lek\u00e1ri bud\u00fa na svojich predn\u00e1\u0161kach poskytova\u0165 aktu\u00e1lne inform\u00e1cie zo sveta bez lepku. S predn\u00e1\u0161kou &#8220;Celiakia sa spr\u00e1va ako chamele\u00f3n&#8221; na v\u00fdstave vyst\u00fapi aj pani MUDr. Bo\u017eena Pek\u00e1rkov\u00e1, predsedn\u00ed\u010dka pracovnej skupiny pre celiakiu Slovenskej gastroenterologickej spolo\u010dnosti.<\/p>\n<p><em>\u00a0\u201eV poslednom obdob\u00ed neust\u00e1le st\u00fapa po\u010det celiatikov pre ktor\u00fdch je zatia\u013e jedinou lie\u010dbou pr\u00edsne dodr\u017eiavanie bezlepkovej di\u00e9ty a tak samozrejme st\u00fapa z\u00e1ujem o bezlepkov\u00e9 v\u00fdrobky. Posledn\u00e9 s\u010d\u00edtavanie celiatikov na Slovensku, z janu\u00e1ra 2016, hovor\u00ed o cca 18 tis\u00edcoch pacientov. Jedn\u00e1 sa o pacientov, ktor\u00ed s\u00fa dispenzarizovan\u00ed v gastroenterologick\u00fdch ambulanci\u00e1ch. Je jasn\u00e9, \u017ee skuto\u010dn\u00fd po\u010det pacientov s t\u00fdmto ochoren\u00edm je podstatne vy\u0161\u0161\u00ed a mnoh\u00ed z nich o svojej diagn\u00f3ze e\u0161te st\u00e1le nevedia. Bezlepkov\u00e1 di\u00e9ta predstavuje lie\u010debn\u00fa alternat\u00edvu aj pacientom s neceliak\u00e1lnou glut\u00e9novou senzitivitou (NCGS), ktorej v\u00fdskyt je podstatne vy\u0161\u0161\u00ed ako samotnej celiakie CD (cca 6% popul\u00e1cie NCGS\/ cca 1% CD),\u201c<\/em> uv\u00e1dza dietol\u00f3g firmy Dr. Sch\u00e4r Ing. Jarmila Kab\u00e1tov\u00e1.<\/p>\n<p>Usporiadanie takejto v\u00fdstavy je preto v s\u00fa\u010dasnej dobe ve\u013emi prospe\u0161n\u00e9. Pre n\u00e1v\u0161tevn\u00edkov v\u00fdstavy s\u00fa pripraven\u00e9 bezlepkov\u00e9 dar\u010deky a s\u00fa\u0165a\u017ee o dom\u00e1ce spotrebi\u010de\u00a0 &#8211; kuchynsk\u00fd robot Kitchen Aid Artisan, kuchynsk\u00fd robot Russell Hobbs Aura, od\u0161\u0165avova\u010d Philips Viva Collection a minimix\u00e9r Philips Daily Collection. Podujatie podporili spolo\u010dnosti Novalim, Sch\u00e4r, vydavate\u013e denn\u00edka PRAVDA a pr\u00edlohy VARECHA, \u010dasopis APETIT, \u010dasopis Slovenka ZDRAVIE RODINY, najstar\u0161\u00ed port\u00e1l pre celiatikov <a href=\"http:\/\/www.celiakia.sk\" target=\"_blank\" rel=\"noopener noreferrer\">www.celiakia.sk<\/a> a \u010dasopis &#8211; ro\u010denka <a href=\"http:\/\/www.bezlepku.sk\" target=\"_blank\" rel=\"noopener noreferrer\">BEZlepku<\/a>, ktor\u00e1 bude poskytovan\u00e1 ako dar\u010dek k vstupenke na v\u00fdstavu v sume 2 EUR.<\/p>\n<p>Na v\u00fdstave bude slovensk\u00e1 premi\u00e9ra filmu <a href=\"https:\/\/goo.gl\/DfgAAb\" target=\"_blank\" rel=\"noopener noreferrer\"><strong>The Celiac Project<\/strong><\/a> &#8211; dokumentu o \u017eivote pred a po diagnostikovan\u00ed celiakie. Re\u017eis\u00e9r Michael Frolichstein bojoval s nieko\u013ek\u00fdmi \u201ez\u00e1hadn\u00fdmi chorobami\u201c, a\u017e mu nakoniec diagnostikovali celiakiu. Celiakia je choroba det\u00ed aj dospel\u00fdch a hlavn\u00fdm vyvol\u00e1vaj\u00facim faktorom choroby je lepok (glut\u00e9n). Z\u00e1kladnou lie\u010dbou je celo\u017eivotn\u00e1 bezlepkov\u00e1 di\u00e9ta.<\/p>\n<p>Prv\u00e1 v\u00fdstava v\u00fdrobkov bez lepku na Slovensku sa zarad\u00ed medzi ostatn\u00e9 v\u00fdstavy Gluten Free, ktor\u00e9 maj\u00fa nieko\u013ekoro\u010dn\u00fa trad\u00edciu na celom svete. Zn\u00e1me s\u00fa napr\u00edklad v\u00fdstavy v \u0160panielsku v Madride \u2013 www.madglutenfree.com, v Taliansku v Rimini \u2013 www.glutenfreeexpo.it, v Po\u013esku vo Var\u0161ave \u2013 www.celiakia.pl, v Nemecku v Berl\u00edne \u2013 Free From Food Expo a Allergy &amp; Free From Show \u2013 www.allergyshow.de, v Anglicku \u2013 London, Liverpool, Glasgow \u2013 www.allergyshow.co.uk, v USA \u2013 gfafexpo.com, v Kanade \u2013 www.glutenfreeexpo.ca. V \u010ceskej republike organizuje Spole\u010dnost pro bezlepkovou dietu ka\u017ed\u00fd rok s \u00faspechom podujatie F\u00f3rum celiak\u016f &#8211; www.celiak.cz. V Eur\u00f3pe p\u00f4sob\u00ed asoci\u00e1cia zn\u00e1ma ako AOECS, ktor\u00e1 je zastre\u0161uj\u00facou organiz\u00e1ciou eur\u00f3pskych n\u00e1rodn\u00fdch spolo\u010dnost\u00ed pre celiatikov. V s\u00fa\u010dasnej dobe m\u00e1 35 \u010dlensk\u00fdch spolo\u010dnost\u00ed zap\u00edsan\u00fdch v celej Eur\u00f3pe. AOECS reprezentuje \u013eud\u00ed, ktor\u00ed maj\u00fa celiakiu alebo Dermatitis herpetiformis duhring (DH) a sna\u017e\u00ed sa spolupracova\u0165 s medzin\u00e1rodn\u00fdmi organiz\u00e1ciami pre celiatikov po celom svete. Viac na <a href=\"http:\/\/www.aoecs.org\" target=\"_blank\" rel=\"noopener noreferrer\">www.aoecs.org<\/a><\/p>\n<p><strong>NIE STE AJ VY BEZLEPKOV\u00cd?<br \/>\n<\/strong><br \/>\n\u201eCeliakia sa zara\u010fuje vo v\u00e4\u010d\u0161ine publik\u00e1ci\u00ed do chor\u00f4b s obrazom \u201eceliak\u00e1lneho \u013eadovca\u201c, ktor\u00e9ho dve tretiny sa nach\u00e1dzaj\u00fa pod vodou, a to s\u00fa vlastne nediagnostikovan\u00ed pacienti, ktor\u00fdch je st\u00e1le v\u00e4\u010d\u0161ina. Pritom sta\u010d\u00ed tak m\u00e1lo, nav\u0161t\u00edvi\u0165 lek\u00e1ra, alebo si pred jeho n\u00e1v\u0161tevou zak\u00fapi\u0165 dom\u00e1ci test.<br \/>\nSympt\u00f3my (pr\u00edznaky) choroby s\u00fa r\u00f4zne, preto ani v\u010dasn\u00e1 a spr\u00e1vna diagnostika nie je jednoduch\u00e1. Pr\u00edznaky t\u00fdkaj\u00face sa tr\u00e1viaceho traktu (klasick\u00e9 gastrointestin\u00e1lne pr\u00edznaky) s\u00fa napr\u00edklad hna\u010dky (u 70 \u2013 75 percent pacientov), strata hmotnosti (u 44 \u2013 60 percent), naf\u00faknut\u00e9 brucho (u 28 \u2013 36 percent), vracanie (u 26 \u2013 33 percent), zn\u00ed\u017een\u00fd rast (u 10 \u2013 40 percent), bolesti brucha (u 12 percent), z\u00e1pcha (u 4 \u2013 12 percent), nechutenstvo (u 8 percent), meteorizmus, \u010di\u017ee nafukovanie (u 5 percent), rekurentn\u00e1 (opakuj\u00faca sa), aft\u00f3zna stomatit\u00edda (z\u00e1pal \u00fastnej sliznice), glosit\u00edda (z\u00e1paly jazyka). Medzi pr\u00edznaky mimo tr\u00e1viaceho traktu (tzv. podozriv\u00e9 sympt\u00f3my) patr\u00ed aj depresia, epilepsia, ktor\u00e1 nereaguje na terapiu, perif\u00e9rna neuropatia, migr\u00e9na, osteop\u00e9nia, osteopor\u00f3za, zv\u00fd\u0161en\u00e1 fragilita (l\u00e1mavos\u0165) kost\u00ed, porucha skloviny trval\u00e9ho chrupu, myalgie (bolesti svalov), \u00fanavov\u00fd syndr\u00f3m, v\u00fdrazn\u00fd nepokoj die\u0165a\u0165a, oneskoren\u00e1 puberta, infertilita (neplodnos\u0165 \u017eien, ale aj mu\u017eov), ed\u00e9my (opuchy). Je potrebn\u00e9 upozorni\u0165, \u017ee aj pr\u00edtomnos\u0165 jedn\u00e9ho z uveden\u00fdch pr\u00edznakov m\u00f4\u017ee znamena\u0165 nediagnostikovan\u00fa celiakiu. Pacienti \u010dasto aj nieko\u013eko rokov nav\u0161tevuj\u00fa r\u00f4zne odborn\u00e9 ambulancie, u\u017e\u00edvaj\u00fa ve\u013ek\u00e9 mno\u017estvo liekov, \u010dasto sa nevyhn\u00fa pr\u00e1ceneschopnosti, hospitaliz\u00e1cii. Nielen ich, ale aj zdravotn\u00e9 pois\u0165ovne a Soci\u00e1lnu pois\u0165ov\u0148u to stoj\u00ed nemal\u00e9 finan\u010dn\u00e9 prostriedky. Pacienta nezlep\u0161uj\u00faci sa zdravotn\u00fd stav \u010dasto a\u017e invalidizuje. A\u017e dve tretiny celiatikov o svojej chorobe ani netu\u0161\u00ed. Mo\u017eno preto, \u017ee netrpia typick\u00fdmi pr\u00edznakmi ako naf\u00faknut\u00e9 brucho, vracanie \u010di nechutenstvo. Len\u017ee t\u00e1to nevylie\u010dite\u013en\u00e1 choroba sa m\u00f4\u017ee maskova\u0165 aj za osteopor\u00f3zou \u010di migr\u00e9nou, alebo dokonca za neplodnos\u0165ou.\u201c uv\u00e1dza MUDr. Jarmila Kab\u00e1tov\u00e1.<\/p>\n<p>Viac inform\u00e1ci\u00ed o v\u00fdstave Gluten Free EXPO Slovakia n\u00e1jdete na www.glutenfreeexpo.sk.<\/p>\n<p>&nbsp;<\/p>\n<p style=\"text-align: left;\">Ver\u00edme, \u017ee aj na Slovensku vytvor\u00edme priestor pre celiatikov a \u013eud\u00ed, ktor\u00ed v svojej strave obmedzuj\u00fa lepok a umo\u017en\u00edme im na jednom mieste zak\u00fapi\u0165 si v\u00fdrobky bez lepku, z\u00edska\u0165 inform\u00e1cie o nov\u00fdch v\u00fdrobkoch a dozvedie\u0165 sa od odborn\u00edkov na v\u00fd\u017eivu a lek\u00e1rov aktu\u00e1lne inform\u00e1cie zo sveta bez lepku.<\/p>\n","protected":false},"excerpt":{"rendered":"<p>Bezlepkov\u00e1 udalos\u0165 roka Prv\u00fd ro\u010dn\u00edk Gluten Free EXPO Slovakia 2017 v Tren\u010d\u00edne v term\u00edne 28. &#8211; 29. apr\u00edla Tento rok sa u\u017e aj na Slovensku bude kona\u0165 prv\u00e1 medzin\u00e1rodn\u00e1 v\u00fdstava spojen\u00e1 s predajom v\u00fdrobkov bez lepku pod n\u00e1zvom Gluten Free EXPO Slovakia 2017. Od 28. do 29. apr\u00edla 2017 si na v\u00fdstavisku Expo Center v<a href=\"http:\/\/www.glutenfreeexpo.sk\/en\/press-2017\/\">[&#8230;]<\/a><\/p>\n","protected":false},"author":1,"featured_media":0,"parent":0,"menu_order":0,"comment_status":"closed","ping_status":"closed","template":"template-fullwidth.php","meta":{"_monsterinsights_skip_tracking":false,"_monsterinsights_sitenote_active":false,"_monsterinsights_sitenote_note":"","_monsterinsights_sitenote_category":0,"footnotes":""},"class_list":["post-37","page","type-page","status-publish","hentry"],"aioseo_notices":[],"_links":{"self":[{"href":"http:\/\/www.glutenfreeexpo.sk\/en\/wp-json\/wp\/v2\/pages\/37","targetHints":{"allow":["GET"]}}],"collection":[{"href":"http:\/\/www.glutenfreeexpo.sk\/en\/wp-json\/wp\/v2\/pages"}],"about":[{"href":"http:\/\/www.glutenfreeexpo.sk\/en\/wp-json\/wp\/v2\/types\/page"}],"author":[{"embeddable":true,"href":"http:\/\/www.glutenfreeexpo.sk\/en\/wp-json\/wp\/v2\/users\/1"}],"replies":[{"embeddable":true,"href":"http:\/\/www.glutenfreeexpo.sk\/en\/wp-json\/wp\/v2\/comments?post=37"}],"version-history":[{"count":16,"href":"http:\/\/www.glutenfreeexpo.sk\/en\/wp-json\/wp\/v2\/pages\/37\/revisions"}],"predecessor-version":[{"id":1277,"href":"http:\/\/www.glutenfreeexpo.sk\/en\/wp-json\/wp\/v2\/pages\/37\/revisions\/1277"}],"wp:attachment":[{"href":"http:\/\/www.glutenfreeexpo.sk\/en\/wp-json\/wp\/v2\/media?parent=37"}],"curies":[{"name":"wp","href":"https:\/\/api.w.org\/{rel}","templated":true}]}}