{"id":80,"date":"2016-04-25T14:53:06","date_gmt":"2016-04-25T12:53:06","guid":{"rendered":"http:\/\/www.glutenfreeexpo.sk\/?page_id=80"},"modified":"2017-10-11T21:20:57","modified_gmt":"2017-10-11T19:20:57","slug":"fotogaleria-gluten-free-expo-2017","status":"publish","type":"page","link":"http:\/\/www.glutenfreeexpo.sk\/en\/fotogaleria-gluten-free-expo-2017\/","title":{"rendered":"Photogallery Gluten Free Expo 2017"},"content":{"rendered":"<style type=\"text\/css\">\r\n\t#foogallery-gallery-1158 .fg-image {\r\n        width: 150px;\r\n    }\r\n<\/style>\r\n\t\t\t\t<div class=\"foogallery foogallery-container foogallery-default foogallery-lightbox-foogallery fg-gutter-10 fg-center fg-default fg-light fg-border-thin fg-shadow-outline fg-loading-default fg-loaded-fade-in fg-caption-hover fg-hover-fade fg-hover-zoom fg-ready\" id=\"foogallery-gallery-1158\" data-foogallery=\"{&quot;item&quot;:{&quot;showCaptionTitle&quot;:true,&quot;showCaptionDescription&quot;:true},&quot;lazy&quot;:true}\" data-foogallery-lightbox=\"{&quot;thumbs&quot;:&quot;bottom&quot;,&quot;thumbsCaptions&quot;:false,&quot;thumbsBestFit&quot;:false,&quot;thumbsSmall&quot;:false,&quot;thumbsCaptionsAlign&quot;:&quot;default&quot;,&quot;info&quot;:&quot;bottom&quot;,&quot;infoVisible&quot;:true,&quot;infoOverlay&quot;:true,&quot;infoAlign&quot;:&quot;default&quot;,&quot;transition&quot;:&quot;fade&quot;,&quot;hoverButtons&quot;:false,&quot;fitMedia&quot;:false,&quot;noScrollbars&quot;:true,&quot;preserveButtonSpace&quot;:true,&quot;buttons&quot;:{&quot;fullscreen&quot;:true,&quot;info&quot;:true,&quot;thumbs&quot;:false},&quot;video&quot;:{&quot;autoPlay&quot;:true}}\" >\r\n\t<div class=\"fg-item fg-type-image fg-idle\"><figure class=\"fg-item-inner\"><a href=\"http:\/\/www.glutenfreeexpo.sk\/wp-content\/uploads\/2017\/06\/GFExpo_2017_001.jpg\" data-caption-title=\"Gluten Free Expo 2017\" data-caption-desc=\"Gluten Free Expo 2017\" data-attachment-id=\"1112\" data-type=\"image\" class=\"fg-thumb\"><span class=\"fg-image-wrap\"><img decoding=\"async\" alt=\"Gluten Free Expo 2017\" title=\"Gluten Free Expo 2017\" width=\"150\" height=\"150\" class=\"skip-lazy fg-image\" data-src-fg=\"http:\/\/www.glutenfreeexpo.sk\/wp-content\/uploads\/cache\/2017\/06\/GFExpo_2017_001\/761603211.jpg\" src=\"data:image\/svg+xml,%3Csvg%20xmlns%3D%22http%3A%2F%2Fwww.w3.org%2F2000%2Fsvg%22%20width%3D%22150%22%20height%3D%22150%22%20viewBox%3D%220%200%20150%20150%22%3E%3C%2Fsvg%3E\" loading=\"eager\"><\/span><span class=\"fg-image-overlay\"><\/span><\/a><figcaption class=\"fg-caption\"><div class=\"fg-caption-inner\"><div class=\"fg-caption-title\">Gluten Free Expo 2017<\/div><div class=\"fg-caption-desc\">Gluten Free Expo 2017<\/div><\/div><\/figcaption><\/figure><div class=\"fg-loader\"><\/div><\/div><div class=\"fg-item fg-type-image fg-idle\"><figure class=\"fg-item-inner\"><a href=\"http:\/\/www.glutenfreeexpo.sk\/wp-content\/uploads\/2017\/06\/GFExpo_2017_sutaz_005.jpg\" data-caption-title=\"Gluten Free Expo 2017 - v\u00fdhercovia s\u00fa\u0165a\u017ee\" data-caption-desc=\"Gluten Free Expo 2017 - v\u00fdhercovia s\u00fa\u0165a\u017ee\" data-attachment-id=\"1169\" data-type=\"image\" class=\"fg-thumb\"><span class=\"fg-image-wrap\"><img decoding=\"async\" alt=\"Gluten Free Expo 2017 - v\u00fdhercovia s\u00fa\u0165a\u017ee\" title=\"Gluten Free Expo 2017 - v\u00fdhercovia s\u00fa\u0165a\u017ee\" width=\"150\" height=\"150\" class=\"skip-lazy fg-image\" data-src-fg=\"http:\/\/www.glutenfreeexpo.sk\/wp-content\/uploads\/cache\/2017\/06\/GFExpo_2017_sutaz_005\/2266758479.jpg\" src=\"data:image\/svg+xml,%3Csvg%20xmlns%3D%22http%3A%2F%2Fwww.w3.org%2F2000%2Fsvg%22%20width%3D%22150%22%20height%3D%22150%22%20viewBox%3D%220%200%20150%20150%22%3E%3C%2Fsvg%3E\" loading=\"eager\"><\/span><span class=\"fg-image-overlay\"><\/span><\/a><figcaption class=\"fg-caption\"><div class=\"fg-caption-inner\"><div class=\"fg-caption-title\">Gluten Free Expo 2017 - v\u00fdhercovia s\u00fa\u0165a\u017ee<\/div><div class=\"fg-caption-desc\">Gluten Free Expo 2017 - v\u00fdhercovia s\u00fa\u0165a\u017ee<\/div><\/div><\/figcaption><\/figure><div class=\"fg-loader\"><\/div><\/div><\/div>\r\n\n","protected":false},"excerpt":{"rendered":"","protected":false},"author":1,"featured_media":0,"parent":0,"menu_order":0,"comment_status":"closed","ping_status":"closed","template":"template-fullwidth.php","meta":{"_monsterinsights_skip_tracking":false,"_monsterinsights_sitenote_active":false,"_monsterinsights_sitenote_note":"","_monsterinsights_sitenote_category":0,"footnotes":""},"class_list":["post-80","page","type-page","status-publish","hentry"],"aioseo_notices":[],"_links":{"self":[{"href":"http:\/\/www.glutenfreeexpo.sk\/en\/wp-json\/wp\/v2\/pages\/80","targetHints":{"allow":["GET"]}}],"collection":[{"href":"http:\/\/www.glutenfreeexpo.sk\/en\/wp-json\/wp\/v2\/pages"}],"about":[{"href":"http:\/\/www.glutenfreeexpo.sk\/en\/wp-json\/wp\/v2\/types\/page"}],"author":[{"embeddable":true,"href":"http:\/\/www.glutenfreeexpo.sk\/en\/wp-json\/wp\/v2\/users\/1"}],"replies":[{"embeddable":true,"href":"http:\/\/www.glutenfreeexpo.sk\/en\/wp-json\/wp\/v2\/comments?post=80"}],"version-history":[{"count":21,"href":"http:\/\/www.glutenfreeexpo.sk\/en\/wp-json\/wp\/v2\/pages\/80\/revisions"}],"predecessor-version":[{"id":1281,"href":"http:\/\/www.glutenfreeexpo.sk\/en\/wp-json\/wp\/v2\/pages\/80\/revisions\/1281"}],"wp:attachment":[{"href":"http:\/\/www.glutenfreeexpo.sk\/en\/wp-json\/wp\/v2\/media?parent=80"}],"curies":[{"name":"wp","href":"https:\/\/api.w.org\/{rel}","templated":true}]}}